{"id":131,"date":"2015-09-03T17:30:06","date_gmt":"2015-09-03T15:30:06","guid":{"rendered":"http:\/\/me-projektsteuerung.de\/wordpress\/?page_id=131"},"modified":"2018-07-10T15:01:51","modified_gmt":"2018-07-10T13:01:51","slug":"impressum","status":"publish","type":"page","link":"https:\/\/me-projektsteuerung.de\/wordpress\/impressum\/","title":{"rendered":"Impressum"},"content":{"rendered":"<h2>Impressum<img loading=\"lazy\" class=\"size-full wp-image-1000 alignright\" src=\"https:\/\/me-projektsteuerung.de\/wordpress\/wp-content\/uploads\/erecht24-siegel-impressum-blau.png\" alt=\"\" width=\"120\" height=\"156\" \/><\/h2>\n<h4>Angaben gem\u00e4\u00df \u00a7 5 TMG<\/h4>\n<p>Markus Eich<br \/>\nME Projektsteuerung + Bauen<br \/>\nArchitekten + Ingenieure<br \/>\nJunkersring 5<br \/>\n53844 Troisdorf<\/p>\n<h2>Kontakt<\/h2>\n<p>Telefon: 02241 \/ 266 370 0<br \/>\nTelefax: 02241 \/ 266 370 99<br \/>\nE-Mail: info@mebauen.de<\/p>\n<h2>Umsatzsteuer<\/h2>\n<p>Umsatzsteuer-Identifikationsnummer gem\u00e4\u00df \u00a727 a Umsatzsteuergesetz:<br \/>\nDE220382448<\/p>\n<h2>Aufsichtsbeh\u00f6rde<\/h2>\n<p>Ingenieurkammer-Bau Nordrhein-Westfalen<br \/>\nZollhof 2<br \/>\n40221 D\u00fcsseldorf<\/p>\n<p><a href=\"https:\/\/www.ikbaunrw.de\" target=\"_blank\" rel=\"noopener\">https:\/\/www.ikbaunrw.de<\/a><\/p>\n<h2>Berufsbezeichnung und berufsrechtliche Regelungen<\/h2>\n<p>Berufsbezeichnung: Dipl.-Ing. Markus Eich<br \/>\nZust\u00e4ndige Kammer: Ingenieurkammer-Bau Nordrhein-Westfalen<\/p>\n<p>Es gelten folgende berufsrechtliche Regelungen:<br \/>\nIngenieurgesetz<br \/>\nIngenieurkammergesetz<br \/>\nBerufsordnung<br \/>\nHOAI<br \/>\nLandesbauordnung<br \/>\nRegelungen einsehbar unter:<br \/>\n<a href=\"https:\/\/www.ikbaunrw.de\/kammer\/recht\/rechtstipps-und-infos\/detail\/article\/informationen-zur-hoai.php\" target=\"_blank\" rel=\"noopener\">https:\/\/www.ikbaunrw.de\/kammer\/recht\/rechtstipps-und-infos\/detail\/article\/informationen-zur-hoai.php<\/a><\/p>\n<h2>Angaben zur Berufshaftpflichtversicherung<\/h2>\n<p>Name und Sitz des Versicherers:<br \/>\nVHV Allgemeine Versicherung AG Hannover<br \/>\nVHV-Platz 1<br \/>\n30177 Hannover<\/p>\n<p>Geltungsraum der Versicherung: Deutschland<\/p>\n<h2>Streitschlichtung<\/h2>\n<p>Die Europ\u00e4ische Kommission stellt eine Plattform zur Online-Streitbeilegung (OS) bereit: <a href=\"https:\/\/ec.europa.eu\/consumers\/odr\" target=\"_blank\" rel=\"noopener\">https:\/\/ec.europa.eu\/consumers\/odr<\/a>.<br \/>\nUnsere E-Mail-Adresse finden Sie oben im Impressum.<\/p>\n<p>Wir nehmen an einem Streitbeilegungsverfahren vor einer Verbraucherschlichtungsstelle teil. Die zust\u00e4ndige Verbraucherschlichtungsstelle ist:<\/p>\n<p>Ingenieurkammer-Bau Nordrhein-Westfalen<br \/>\nZollhof 2<br \/>\n40221 D\u00fcsseldorf<\/p>\n<p><a href=\"https:\/\/www.ikbaunrw.de\" target=\"_blank\" rel=\"noopener\">https:\/\/www.ikbaunrw.de<\/a><\/p>\n<h3>Haftung f\u00fcr Inhalte<\/h3>\n<p>Als Diensteanbieter sind wir gem\u00e4\u00df \u00a7 7 Abs.1 TMG f\u00fcr eigene Inhalte auf diesen Seiten nach den allgemeinen Gesetzen verantwortlich. Nach \u00a7\u00a7 8 bis 10 TMG sind wir als Diensteanbieter jedoch nicht verpflichtet, \u00fcbermittelte oder gespeicherte fremde Informationen zu \u00fcberwachen oder nach Umst\u00e4nden zu forschen, die auf eine rechtswidrige T\u00e4tigkeit hinweisen.<\/p>\n<p>Verpflichtungen zur Entfernung oder Sperrung der Nutzung von Informationen nach den allgemeinen Gesetzen bleiben hiervon unber\u00fchrt. Eine diesbez\u00fcgliche Haftung ist jedoch erst ab dem Zeitpunkt der Kenntnis einer konkreten Rechtsverletzung m\u00f6glich. Bei Bekanntwerden von entsprechenden Rechtsverletzungen werden wir diese Inhalte umgehend entfernen.<\/p>\n<h3>Haftung f\u00fcr Links<\/h3>\n<p>Unser Angebot enth\u00e4lt Links zu externen Websites Dritter, auf deren Inhalte wir keinen Einfluss haben. Deshalb k\u00f6nnen wir f\u00fcr diese fremden Inhalte auch keine Gew\u00e4hr \u00fcbernehmen. F\u00fcr die Inhalte der verlinkten Seiten ist stets der jeweilige Anbieter oder Betreiber der Seiten verantwortlich. Die verlinkten Seiten wurden zum Zeitpunkt der Verlinkung auf m\u00f6gliche Rechtsverst\u00f6\u00dfe \u00fcberpr\u00fcft. Rechtswidrige Inhalte waren zum Zeitpunkt der Verlinkung nicht erkennbar.<\/p>\n<p>Eine permanente inhaltliche Kontrolle der verlinkten Seiten ist jedoch ohne konkrete Anhaltspunkte einer Rechtsverletzung nicht zumutbar. Bei Bekanntwerden von Rechtsverletzungen werden wir derartige Links umgehend entfernen.<\/p>\n<h3>Urheberrecht<\/h3>\n<p>Die durch die Seitenbetreiber erstellten Inhalte und Werke auf diesen Seiten unterliegen dem deutschen Urheberrecht. Die Vervielf\u00e4ltigung, Bearbeitung, Verbreitung und jede Art der Verwertung au\u00dferhalb der Grenzen des Urheberrechtes bed\u00fcrfen der schriftlichen Zustimmung des jeweiligen Autors bzw. Erstellers. Downloads und Kopien dieser Seite sind nur f\u00fcr den privaten, nicht kommerziellen Gebrauch gestattet.<\/p>\n<p>Soweit die Inhalte auf dieser Seite nicht vom Betreiber erstellt wurden, werden die Urheberrechte Dritter beachtet. Insbesondere werden Inhalte Dritter als solche gekennzeichnet. Sollten Sie trotzdem auf eine Urheberrechtsverletzung aufmerksam werden, bitten wir um einen entsprechenden Hinweis. Bei Bekanntwerden von Rechtsverletzungen werden wir derartige Inhalte umgehend entfernen.<\/p>\n<p>&nbsp;<\/p>\n","protected":false},"excerpt":{"rendered":"<p>Impressum Angaben gem\u00e4\u00df \u00a7 5 TMG Markus Eich ME Projektsteuerung + Bauen Architekten + Ingenieure Junkersring 5 53844 Troisdorf Kontakt Telefon: 02241 \/ 266 370 0 Telefax: 02241 \/ 266 370 99 E-Mail: info@mebauen.de Umsatzsteuer Umsatzsteuer-Identifikationsnummer gem\u00e4\u00df \u00a727 a Umsatzsteuergesetz: DE220382448 Aufsichtsbeh\u00f6rde Ingenieurkammer-Bau Nordrhein-Westfalen Zollhof 2 40221 D\u00fcsseldorf https:\/\/www.ikbaunrw.de Berufsbezeichnung und berufsrechtliche Regelungen Berufsbezeichnung: Dipl.-Ing. [&hellip;]<\/p>\n","protected":false},"author":1,"featured_media":0,"parent":0,"menu_order":0,"comment_status":"closed","ping_status":"closed","template":"","meta":[],"_links":{"self":[{"href":"https:\/\/me-projektsteuerung.de\/wordpress\/wp-json\/wp\/v2\/pages\/131"}],"collection":[{"href":"https:\/\/me-projektsteuerung.de\/wordpress\/wp-json\/wp\/v2\/pages"}],"about":[{"href":"https:\/\/me-projektsteuerung.de\/wordpress\/wp-json\/wp\/v2\/types\/page"}],"author":[{"embeddable":true,"href":"https:\/\/me-projektsteuerung.de\/wordpress\/wp-json\/wp\/v2\/users\/1"}],"replies":[{"embeddable":true,"href":"https:\/\/me-projektsteuerung.de\/wordpress\/wp-json\/wp\/v2\/comments?post=131"}],"version-history":[{"count":17,"href":"https:\/\/me-projektsteuerung.de\/wordpress\/wp-json\/wp\/v2\/pages\/131\/revisions"}],"predecessor-version":[{"id":1042,"href":"https:\/\/me-projektsteuerung.de\/wordpress\/wp-json\/wp\/v2\/pages\/131\/revisions\/1042"}],"wp:attachment":[{"href":"https:\/\/me-projektsteuerung.de\/wordpress\/wp-json\/wp\/v2\/media?parent=131"}],"curies":[{"name":"wp","href":"https:\/\/api.w.org\/{rel}","templated":true}]}}